{"id":10110,"date":"2022-07-26T18:40:55","date_gmt":"2022-07-26T23:40:55","guid":{"rendered":"https:\/\/www.drazouz.com\/?page_id=10110"},"modified":"2023-12-21T13:29:31","modified_gmt":"2023-12-21T18:29:31","slug":"mini-abdominoplastia","status":"publish","type":"page","link":"https:\/\/www.drazouz.com\/es\/mini-abdominoplastia\/","title":{"rendered":"Mini Abdominoplastia"},"content":{"rendered":"<p>Si has intentado perder el exceso de piel cerca de tu hueso p\u00fabico, sabes que no hay cantidad de ejercicio que lo haga desaparecer. Hacer ejercicio es excelente para tu salud, la p\u00e9rdida de grasa y la forma f\u00edsica, pero la piel fl\u00e1cida solo puede mejorarse con cirug\u00eda. La mini abdominoplastia, tambi\u00e9n conocida como mini tummy tuck o abdominoplastia parcial, elimina el exceso de piel abdominal y grasa debajo del ombligo. La mini abdominoplastia es un procedimiento de <a href=\"https:\/\/www.drazouz.com\/es\/body\/\">contorneo corporal<\/a> disponible en Dallas con el experto cirujano pl\u00e1stico de Azouz Plastic and Cosmetic Surgery.<\/p>\n<h2>Abdominoplastia vs. Mini Abdominoplastia<\/h2>\n<p>Una abdominoplastia completa trata las porciones superior e inferior del abdomen, incluyendo la reposici\u00f3n del ombligo. Esta puede ser la opci\u00f3n adecuada para pacientes con m\u00fasculos flojos, separaci\u00f3n de m\u00fasculos y exceso de piel a lo largo de toda la pared abdominal. Requiere una incisi\u00f3n significativa y un tiempo de recuperaci\u00f3n m\u00e1s largo que la mini abdominoplastia.<\/p>\n<p>La mini abdominoplastia elimina el exceso de grasa y piel entre el ombligo y el \u00e1rea p\u00fabica. Tambi\u00e9n puede corregir cicatrices de ces\u00e1rea que han resultado en un pliegue cut\u00e1neo. La incisi\u00f3n es mucho m\u00e1s peque\u00f1a que en una abdominoplastia tradicional. Las peque\u00f1as separaciones musculares pueden repararse y se elimina el exceso de piel debajo del ombligo. Trabajar en una zona m\u00e1s peque\u00f1a y usar una incisi\u00f3n m\u00e1s peque\u00f1a resulta en un tiempo de recuperaci\u00f3n menor que una abdominoplastia completa.<\/p>\n<h2>\u00bfQui\u00e9n es Candidato para una Mini Abdominoplastia?<\/h2>\n<p>Los candidatos ideales no tendr\u00e1n cantidades significativas de piel floja, separaci\u00f3n muscular o da\u00f1o por encima del ombligo y estar\u00e1n en un peso estable y saludable. Abordar solo la mitad inferior del abdomen cuando se necesita una abdominoplastia completa producir\u00e1 resultados desiguales, crear\u00e1 nuevas preocupaciones funcionales y est\u00e9ticas, y no proporcionar\u00e1 los resultados est\u00e9ticos que est\u00e1s buscando. Aunque no es un sustituto de la abdominoplastia tradicional, la mini abdominoplastia es una excelente opci\u00f3n cuando se requiere una peque\u00f1a cantidad de contorneo para lograr el est\u00f3mago plano y suave que siempre has deseado.<\/p>\n<p>El Dr. Azouz tiene formaci\u00f3n de posgrado, est\u00e1 certificado por el consejo y es uno de los cirujanos pl\u00e1sticos m\u00e1s buscados en Texas. Da la bienvenida a pacientes de todo el pa\u00eds y del mundo para reunirse con \u00e9l en una consulta sobre c\u00f3mo alcanzar sus objetivos est\u00e9ticos. Para obtener m\u00e1s informaci\u00f3n sobre la mini abdominoplastia en el \u00e1rea de Dallas, TX, <a href=\"https:\/\/www.drazouz.com\/es\/contact\/\">contacta con Azouz Plastic and Cosmetic Surgery<\/a> hoy.<\/p>\n","protected":false},"excerpt":{"rendered":"<p>Si has intentado perder el exceso de piel cerca de tu hueso p\u00fabico, sabes que no hay<br \/><a href=\"https:\/\/www.drazouz.com\/es\/mini-abdominoplastia\/\" class=\"btn btn-blue mt-3\">Sigue leyendo<\/a><\/p>\n","protected":false},"author":1,"featured_media":8524,"parent":3798,"menu_order":0,"comment_status":"closed","ping_status":"closed","template":"","meta":{"_acf_changed":false,"footnotes":""},"class_list":["post-10110","page","type-page","status-publish","has-post-thumbnail"],"acf":[],"yoast_head":"<!-- This site is optimized with the Yoast SEO plugin v27.4 - https:\/\/yoast.com\/product\/yoast-seo-wordpress\/ -->\n<title>Mini Abdominoplastia | Azouz Cirug\u00eda Pl\u00e1stica y Est\u00e9tica<\/title>\n<meta name=\"robots\" content=\"index, follow, max-snippet:-1, max-image-preview:large, max-video-preview:-1\" \/>\n<link rel=\"canonical\" href=\"https:\/\/www.drazouz.com\/es\/mini-abdominoplastia\/\" \/>\n<meta property=\"og:locale\" content=\"es_ES\" \/>\n<meta property=\"og:type\" content=\"article\" \/>\n<meta property=\"og:title\" content=\"Mini Abdominoplastia | Azouz Cirug\u00eda Pl\u00e1stica y Est\u00e9tica\" \/>\n<meta property=\"og:description\" content=\"Si has intentado perder el exceso de piel cerca de tu hueso p\u00fabico, sabes que no haySigue leyendo\" \/>\n<meta property=\"og:url\" content=\"https:\/\/www.drazouz.com\/es\/mini-abdominoplastia\/\" \/>\n<meta property=\"og:site_name\" content=\"Azouz Cirug\u00eda Pl\u00e1stica y Est\u00e9tica\" \/>\n<meta property=\"article:modified_time\" content=\"2023-12-21T18:29:31+00:00\" \/>\n<meta property=\"og:image\" content=\"https:\/\/www.drazouz.com\/wp-content\/uploads\/2023\/12\/header-mini-tummy-tuck-1.jpg\" \/>\n<meta name=\"twitter:card\" content=\"summary_large_image\" \/>\n<meta name=\"twitter:image\" content=\"https:\/\/www.drazouz.com\/wp-content\/uploads\/2023\/12\/header-mini-tummy-tuck-1.jpg\" \/>\n<meta name=\"twitter:label1\" content=\"Tiempo de lectura\" \/>\n\t<meta name=\"twitter:data1\" content=\"2 minutos\" \/>\n<!-- \/ Yoast SEO plugin. -->","yoast_head_json":{"title":"Mini Abdominoplastia | Azouz Cirug\u00eda Pl\u00e1stica y Est\u00e9tica","robots":{"index":"index","follow":"follow","max-snippet":"max-snippet:-1","max-image-preview":"max-image-preview:large","max-video-preview":"max-video-preview:-1"},"canonical":"https:\/\/www.drazouz.com\/es\/mini-abdominoplastia\/","og_locale":"es_ES","og_type":"article","og_title":"Mini Abdominoplastia | Azouz Cirug\u00eda Pl\u00e1stica y Est\u00e9tica","og_description":"Si has intentado perder el exceso de piel cerca de tu hueso p\u00fabico, sabes que no haySigue leyendo","og_url":"https:\/\/www.drazouz.com\/es\/mini-abdominoplastia\/","og_site_name":"Azouz Cirug\u00eda Pl\u00e1stica y Est\u00e9tica","article_modified_time":"2023-12-21T18:29:31+00:00","og_image":[{"url":"https:\/\/www.drazouz.com\/wp-content\/uploads\/2023\/12\/header-mini-tummy-tuck-1.jpg","type":"","width":"","height":""}],"twitter_card":"summary_large_image","twitter_image":"https:\/\/www.drazouz.com\/wp-content\/uploads\/2023\/12\/header-mini-tummy-tuck-1.jpg","twitter_misc":{"Tiempo de lectura":"2 minutos"},"schema":{"@context":"https:\/\/schema.org","@graph":[{"@type":"WebPage","@id":"https:\/\/www.drazouz.com\/es\/mini-abdominoplastia\/","url":"https:\/\/www.drazouz.com\/es\/mini-abdominoplastia\/","name":"Mini Abdominoplastia | Azouz Cirug\u00eda Pl\u00e1stica y Est\u00e9tica","isPartOf":{"@id":"https:\/\/www.drazouz.com\/es\/#website"},"primaryImageOfPage":{"@id":"https:\/\/www.drazouz.com\/es\/mini-abdominoplastia\/#primaryimage"},"image":{"@id":"https:\/\/www.drazouz.com\/es\/mini-abdominoplastia\/#primaryimage"},"thumbnailUrl":"https:\/\/www.drazouz.com\/wp-content\/uploads\/2023\/12\/header-mini-tummy-tuck-1.jpg","datePublished":"2022-07-26T23:40:55+00:00","dateModified":"2023-12-21T18:29:31+00:00","breadcrumb":{"@id":"https:\/\/www.drazouz.com\/es\/mini-abdominoplastia\/#breadcrumb"},"inLanguage":"es","potentialAction":[{"@type":"ReadAction","target":["https:\/\/www.drazouz.com\/es\/mini-abdominoplastia\/"]}]},{"@type":"ImageObject","inLanguage":"es","@id":"https:\/\/www.drazouz.com\/es\/mini-abdominoplastia\/#primaryimage","url":"https:\/\/www.drazouz.com\/wp-content\/uploads\/2023\/12\/header-mini-tummy-tuck-1.jpg","contentUrl":"https:\/\/www.drazouz.com\/wp-content\/uploads\/2023\/12\/header-mini-tummy-tuck-1.jpg","width":1918,"height":815,"caption":"woman grabbing skin on her abdomen"},{"@type":"BreadcrumbList","@id":"https:\/\/www.drazouz.com\/es\/mini-abdominoplastia\/#breadcrumb","itemListElement":[{"@type":"ListItem","position":1,"name":"Home","item":"https:\/\/www.drazouz.com\/es\/"},{"@type":"ListItem","position":2,"name":"Procedimientos","item":"https:\/\/www.drazouz.com\/es\/procedimientos\/"},{"@type":"ListItem","position":3,"name":"Cuerpo","item":"https:\/\/www.drazouz.com\/es\/body\/"},{"@type":"ListItem","position":4,"name":"Mini Abdominoplastia"}]},{"@type":"WebSite","@id":"https:\/\/www.drazouz.com\/es\/#website","url":"https:\/\/www.drazouz.com\/es\/","name":"Azouz Cirug\u00eda Pl\u00e1stica y Est\u00e9tica","description":"","potentialAction":[{"@type":"SearchAction","target":{"@type":"EntryPoint","urlTemplate":"https:\/\/www.drazouz.com\/es\/?s={search_term_string}"},"query-input":{"@type":"PropertyValueSpecification","valueRequired":true,"valueName":"search_term_string"}}],"inLanguage":"es"}]}},"_links":{"self":[{"href":"https:\/\/www.drazouz.com\/es\/wp-json\/wp\/v2\/pages\/10110","targetHints":{"allow":["GET"]}}],"collection":[{"href":"https:\/\/www.drazouz.com\/es\/wp-json\/wp\/v2\/pages"}],"about":[{"href":"https:\/\/www.drazouz.com\/es\/wp-json\/wp\/v2\/types\/page"}],"author":[{"embeddable":true,"href":"https:\/\/www.drazouz.com\/es\/wp-json\/wp\/v2\/users\/1"}],"replies":[{"embeddable":true,"href":"https:\/\/www.drazouz.com\/es\/wp-json\/wp\/v2\/comments?post=10110"}],"version-history":[{"count":3,"href":"https:\/\/www.drazouz.com\/es\/wp-json\/wp\/v2\/pages\/10110\/revisions"}],"predecessor-version":[{"id":10130,"href":"https:\/\/www.drazouz.com\/es\/wp-json\/wp\/v2\/pages\/10110\/revisions\/10130"}],"up":[{"embeddable":true,"href":"https:\/\/www.drazouz.com\/es\/wp-json\/wp\/v2\/pages\/3798"}],"wp:featuredmedia":[{"embeddable":true,"href":"https:\/\/www.drazouz.com\/es\/wp-json\/wp\/v2\/media\/8524"}],"wp:attachment":[{"href":"https:\/\/www.drazouz.com\/es\/wp-json\/wp\/v2\/media?parent=10110"}],"curies":[{"name":"wp","href":"https:\/\/api.w.org\/{rel}","templated":true}]}}