{"id":10077,"date":"2022-07-22T11:05:48","date_gmt":"2022-07-22T16:05:48","guid":{"rendered":"https:\/\/www.drazouz.com\/?page_id=10077"},"modified":"2025-02-10T10:16:15","modified_gmt":"2025-02-10T15:16:15","slug":"reduccion-de-labios","status":"publish","type":"page","link":"https:\/\/www.drazouz.com\/es\/reduccion-de-labios\/","title":{"rendered":"Reducci\u00f3n de Labios"},"content":{"rendered":"<p>Con un gran enfoque en la <a title=\"Aumento de labios en Dallas, TX\" href=\"https:\/\/www.drazouz.com\/es\/lip-augmentation\/\"><em><strong>augmentaci\u00f3n de labios y el aumento de volumen labial<\/strong><\/em><\/a>, a veces se pasa por alto que los labios agrandados tambi\u00e9n pueden crear problemas de autoestima. Los labios excesivamente grandes pueden convertirse en un punto focal no deseado en la cara y desequilibrar las proporciones faciales. Al igual que con el aumento de labios, el labio perfecto es aquel que mejor se adapta a tus rasgos y a tus preferencias personales.<\/p>\n<p>Las reducciones de labios deben ser realizadas por un cirujano experto que comprenda las estructuras subyacentes de los labios. No solo deben mejorar la apariencia est\u00e9tica, sino tambi\u00e9n garantizar que la funci\u00f3n labial permanezca intacta. El Dr. Azouz de Azouz Cosmetic and Plastic Surgery en Dallas, TX, es muy solicitado por sus resultados quir\u00fargicos t\u00e9cnicos y art\u00edsticos.<\/p>\n<h2>Logra un Equilibrio Facial en Plano<\/h2>\n<p>La simetr\u00eda y el equilibrio de los rasgos faciales han sido los referentes de la belleza durante siglos. Esto no significa que todos deban adherirse a un est\u00e1ndar de belleza espec\u00edfico. Por el contrario, el Dr. Azouz se compromete a ayudarte a ser la mejor versi\u00f3n de ti mismo y no una copia exacta de nadie m\u00e1s. \u00c9l cree en un proceso positivo que te ayuda a alcanzar tus metas deseadas al tiempo que conserva tu belleza natural.<\/p>\n<p>Tener labios grandes o protuberantes puede ser causado por muchos factores, y el Dr. Azouz puede abordar estos y m\u00e1s:<\/p>\n<ul>\n<li>Nacidos con labios grandes<\/li>\n<li>Lesiones o traumas<\/li>\n<li>Cirug\u00eda de labios mal realizada<\/li>\n<li>Enfermedades gen\u00e9ticas u otras<\/li>\n<\/ul>\n<p>Eliminar el exceso de grasa y tejido reducir\u00e1 el volumen de los labios, y la sutura experta proporcionar\u00e1 un contorno natural y bien definido de los labios. Estos cambios aportar\u00e1n equilibrio a la cara y contribuir\u00e1n a tu belleza general sin atraer atenci\u00f3n no deseada.<\/p>\n<h3>Azouz Plastic and Cosmetic Surgery<\/h3>\n<p>El Dr. Azouz de Azouz Plastic &amp; Cosmetic Surgery puede ofrecer resultados excepcionales con tu cirug\u00eda de reducci\u00f3n de labios. Ofrece una amplia variedad de procedimientos cosm\u00e9ticos y puede brindar opciones para combinar cirug\u00edas si tienes m\u00e1s de un problema que deseas abordar. Para discutir la reducci\u00f3n de labios y otros procedimientos, <a title=\"Contacta con Azouz Cosmetic &amp; Plastic Surgery en Dallas TX\" href=\"https:\/\/www.drazouz.com\/es\/contact\/\"><em><strong>contacta la oficina<\/strong><\/em><\/a> hoy para obtener m\u00e1s informaci\u00f3n.<\/p>\n","protected":false},"excerpt":{"rendered":"<p>Con un gran enfoque en la augmentaci\u00f3n de labios y el aumento de volumen labial, a veces<br \/><a href=\"https:\/\/www.drazouz.com\/es\/reduccion-de-labios\/\" class=\"btn btn-blue mt-3\">Sigue leyendo<\/a><\/p>\n","protected":false},"author":1,"featured_media":10219,"parent":10033,"menu_order":0,"comment_status":"closed","ping_status":"closed","template":"template-builder.php","meta":{"_acf_changed":false,"footnotes":""},"class_list":["post-10077","page","type-page","status-publish","has-post-thumbnail"],"acf":[],"yoast_head":"<!-- This site is optimized with the Yoast SEO plugin v27.4 - https:\/\/yoast.com\/product\/yoast-seo-wordpress\/ -->\n<title>Reducci\u00f3n de Labios | Azouz Cirug\u00eda Pl\u00e1stica y Est\u00e9tica<\/title>\n<meta name=\"robots\" content=\"index, follow, max-snippet:-1, max-image-preview:large, max-video-preview:-1\" \/>\n<link rel=\"canonical\" href=\"https:\/\/www.drazouz.com\/es\/reduccion-de-labios\/\" \/>\n<meta property=\"og:locale\" content=\"es_ES\" \/>\n<meta property=\"og:type\" content=\"article\" \/>\n<meta property=\"og:title\" content=\"Reducci\u00f3n de Labios | Azouz Cirug\u00eda Pl\u00e1stica y Est\u00e9tica\" \/>\n<meta property=\"og:description\" content=\"Con un gran enfoque en la augmentaci\u00f3n de labios y el aumento de volumen labial, a vecesSigue leyendo\" \/>\n<meta property=\"og:url\" content=\"https:\/\/www.drazouz.com\/es\/reduccion-de-labios\/\" \/>\n<meta property=\"og:site_name\" content=\"Azouz Cirug\u00eda Pl\u00e1stica y Est\u00e9tica\" \/>\n<meta property=\"article:modified_time\" content=\"2025-02-10T15:16:15+00:00\" \/>\n<meta property=\"og:image\" content=\"https:\/\/www.drazouz.com\/wp-content\/uploads\/2023\/12\/header-image-1222011.jpeg\" \/>\n<meta name=\"twitter:card\" content=\"summary_large_image\" \/>\n<meta name=\"twitter:image\" content=\"https:\/\/www.drazouz.com\/wp-content\/uploads\/2023\/12\/header-image-1222011.jpeg\" \/>\n<meta name=\"twitter:label1\" content=\"Tiempo de lectura\" \/>\n\t<meta name=\"twitter:data1\" content=\"2 minutos\" \/>\n<!-- \/ Yoast SEO plugin. -->","yoast_head_json":{"title":"Reducci\u00f3n de Labios | Azouz Cirug\u00eda Pl\u00e1stica y Est\u00e9tica","robots":{"index":"index","follow":"follow","max-snippet":"max-snippet:-1","max-image-preview":"max-image-preview:large","max-video-preview":"max-video-preview:-1"},"canonical":"https:\/\/www.drazouz.com\/es\/reduccion-de-labios\/","og_locale":"es_ES","og_type":"article","og_title":"Reducci\u00f3n de Labios | Azouz Cirug\u00eda Pl\u00e1stica y Est\u00e9tica","og_description":"Con un gran enfoque en la augmentaci\u00f3n de labios y el aumento de volumen labial, a vecesSigue leyendo","og_url":"https:\/\/www.drazouz.com\/es\/reduccion-de-labios\/","og_site_name":"Azouz Cirug\u00eda Pl\u00e1stica y Est\u00e9tica","article_modified_time":"2025-02-10T15:16:15+00:00","og_image":[{"url":"https:\/\/www.drazouz.com\/wp-content\/uploads\/2023\/12\/header-image-1222011.jpeg","type":"","width":"","height":""}],"twitter_card":"summary_large_image","twitter_image":"https:\/\/www.drazouz.com\/wp-content\/uploads\/2023\/12\/header-image-1222011.jpeg","twitter_misc":{"Tiempo de lectura":"2 minutos"},"schema":{"@context":"https:\/\/schema.org","@graph":[{"@type":"WebPage","@id":"https:\/\/www.drazouz.com\/es\/reduccion-de-labios\/","url":"https:\/\/www.drazouz.com\/es\/reduccion-de-labios\/","name":"Reducci\u00f3n de Labios | Azouz Cirug\u00eda Pl\u00e1stica y Est\u00e9tica","isPartOf":{"@id":"https:\/\/www.drazouz.com\/es\/#website"},"primaryImageOfPage":{"@id":"https:\/\/www.drazouz.com\/es\/reduccion-de-labios\/#primaryimage"},"image":{"@id":"https:\/\/www.drazouz.com\/es\/reduccion-de-labios\/#primaryimage"},"thumbnailUrl":"https:\/\/www.drazouz.com\/wp-content\/uploads\/2023\/12\/header-image-1222011.jpeg","datePublished":"2022-07-22T16:05:48+00:00","dateModified":"2025-02-10T15:16:15+00:00","breadcrumb":{"@id":"https:\/\/www.drazouz.com\/es\/reduccion-de-labios\/#breadcrumb"},"inLanguage":"es","potentialAction":[{"@type":"ReadAction","target":["https:\/\/www.drazouz.com\/es\/reduccion-de-labios\/"]}]},{"@type":"ImageObject","inLanguage":"es","@id":"https:\/\/www.drazouz.com\/es\/reduccion-de-labios\/#primaryimage","url":"https:\/\/www.drazouz.com\/wp-content\/uploads\/2023\/12\/header-image-1222011.jpeg","contentUrl":"https:\/\/www.drazouz.com\/wp-content\/uploads\/2023\/12\/header-image-1222011.jpeg","width":1918,"height":815,"caption":"lip reduction"},{"@type":"BreadcrumbList","@id":"https:\/\/www.drazouz.com\/es\/reduccion-de-labios\/#breadcrumb","itemListElement":[{"@type":"ListItem","position":1,"name":"Home","item":"https:\/\/www.drazouz.com\/es\/"},{"@type":"ListItem","position":2,"name":"Procedimientos","item":"https:\/\/www.drazouz.com\/es\/procedimientos\/"},{"@type":"ListItem","position":3,"name":"Procedimientos y Aumento de Labios","item":"https:\/\/www.drazouz.com\/es\/procedimientos-y-aumento-de-labios\/"},{"@type":"ListItem","position":4,"name":"Reducci\u00f3n de Labios"}]},{"@type":"WebSite","@id":"https:\/\/www.drazouz.com\/es\/#website","url":"https:\/\/www.drazouz.com\/es\/","name":"Azouz Cirug\u00eda Pl\u00e1stica y Est\u00e9tica","description":"","potentialAction":[{"@type":"SearchAction","target":{"@type":"EntryPoint","urlTemplate":"https:\/\/www.drazouz.com\/es\/?s={search_term_string}"},"query-input":{"@type":"PropertyValueSpecification","valueRequired":true,"valueName":"search_term_string"}}],"inLanguage":"es"}]}},"_links":{"self":[{"href":"https:\/\/www.drazouz.com\/es\/wp-json\/wp\/v2\/pages\/10077","targetHints":{"allow":["GET"]}}],"collection":[{"href":"https:\/\/www.drazouz.com\/es\/wp-json\/wp\/v2\/pages"}],"about":[{"href":"https:\/\/www.drazouz.com\/es\/wp-json\/wp\/v2\/types\/page"}],"author":[{"embeddable":true,"href":"https:\/\/www.drazouz.com\/es\/wp-json\/wp\/v2\/users\/1"}],"replies":[{"embeddable":true,"href":"https:\/\/www.drazouz.com\/es\/wp-json\/wp\/v2\/comments?post=10077"}],"version-history":[{"count":9,"href":"https:\/\/www.drazouz.com\/es\/wp-json\/wp\/v2\/pages\/10077\/revisions"}],"predecessor-version":[{"id":20264,"href":"https:\/\/www.drazouz.com\/es\/wp-json\/wp\/v2\/pages\/10077\/revisions\/20264"}],"up":[{"embeddable":true,"href":"https:\/\/www.drazouz.com\/es\/wp-json\/wp\/v2\/pages\/10033"}],"wp:featuredmedia":[{"embeddable":true,"href":"https:\/\/www.drazouz.com\/es\/wp-json\/wp\/v2\/media\/10219"}],"wp:attachment":[{"href":"https:\/\/www.drazouz.com\/es\/wp-json\/wp\/v2\/media?parent=10077"}],"curies":[{"name":"wp","href":"https:\/\/api.w.org\/{rel}","templated":true}]}}