{"id":10063,"date":"2022-07-22T11:02:12","date_gmt":"2022-07-22T16:02:12","guid":{"rendered":"https:\/\/www.drazouz.com\/?page_id=10063"},"modified":"2023-12-22T04:28:54","modified_gmt":"2023-12-22T09:28:54","slug":"reconstruccion-de-labios","status":"publish","type":"page","link":"https:\/\/www.drazouz.com\/es\/reconstruccion-de-labios\/","title":{"rendered":"Reconstrucci\u00f3n de Labios"},"content":{"rendered":"<p>La traum\u00e1tica experiencia y desfiguraci\u00f3n de los labios pueden ser el resultado de deformidades cong\u00e9nitas, c\u00e1ncer, accidentes personales o lesiones en el lugar de trabajo. Al ser un punto focal del rostro, los labios est\u00e1n bajo constante escrutinio y son dif\u00edciles de disimular. A diferencia de un procedimiento cosm\u00e9tico, la cirug\u00eda de reconstrucci\u00f3n de labios debe combinar tanto el aspecto est\u00e9tico como la restauraci\u00f3n funcional. El Dr. Azouz de Azouz Plastic &#038; Cosmetic Surgery puede reparar y reconstruir labios da\u00f1ados con <a title=\"Dallas TX Lip Augmentation\" href=\"https:\/\/www.drazouz.com\/es\/lip-augmentation\/\"><em>procedimientos innovadores<\/em><\/a>, habilidades t\u00e9cnicas superiores y una comprensi\u00f3n exhaustiva de la forma y la funci\u00f3n.<\/p>\n<h2>Reparaci\u00f3n de Trauma Labial en Plano<\/h2>\n<p>La cirug\u00eda de reconstrucci\u00f3n de labios es un procedimiento complejo que requiere un trabajo intrincado en las estructuras subyacentes. El Dr. Azouz se esfuerza por permitir la m\u00e1xima funcionalidad posible, lo que puede incluir movimientos m\u00e1s naturales, habla m\u00e1s clara y comodidad general. Adem\u00e1s, aporta el ojo de un artista, recreando un labio que sea lo m\u00e1s natural posible.<\/p>\n<p>La reparaci\u00f3n de trauma labial implica muchos pasos, que pueden incluir la eliminaci\u00f3n de tejido da\u00f1ado e injertos de piel no da\u00f1ada en la zona. Los componentes estructurales, como el m\u00fasculo, deben repararse para respaldar la funci\u00f3n natural y la nueva forma de los labios. Los contornos naturales de los labios se pueden crear mediante el injerto de grasa facial, y una sutura precisa crea una nueva frontera vermillona, la l\u00ednea rosa que rodea y define los labios.<\/p>\n<p>Puede confiar en su elecci\u00f3n de Azouz Plastic and Cosmetic Surgery, ya que el Dr. Azouz es un cirujano pl\u00e1stico y reconstructivo altamente buscado y experimentado.<\/p>\n<h3>\u00bfPor qu\u00e9 elegir Azouz Plastic and Cosmetic Surgery?<\/h3>\n<p>El Dr. Azouz es un cirujano pl\u00e1stico certificado y con experiencia, formado en programas de becas, con d\u00e9cadas de experiencia. Ha recibido numerosos premios a lo largo de los a\u00f1os y es muy respetado por sus colegas por sus t\u00e9cnicas innovadoras, equipo especializado y pr\u00e1cticas quir\u00fargicas refinadas. Su evaluaci\u00f3n integral le brindar\u00e1 la oportunidad de hacer preguntas y explorar opciones, lo que le permitir\u00e1 sentirse seguro en sus decisiones.<\/p>\n<p>La oficina es acogedora e inclusiva, con servicios disponibles en ingl\u00e9s, espa\u00f1ol y franc\u00e9s. Nuestro equipo de oficina puede agilizar sus arreglos financieros y presentar documentos de seguro o explicar opciones de financiamiento. Tambi\u00e9n podemos ayudar con las necesidades de viaje al dirigirlo a alojamientos cercanos que sean c\u00f3modos y razonablemente econ\u00f3micos.<\/p>\n<p>En Azouz Plastic and Cosmetic Surgery, queremos empoderarlo con una mejor calidad de vida y un fuerte sentido de s\u00ed mismo. <a title=\"Contact Azouz Cosmetic &#038; Plastic Surgery in Dallas TX\" href=\"https:\/\/www.drazouz.com\/es\/contact\/\"><em><strong>Contacte la oficina<\/strong><\/em><\/a> para hablar sobre la cirug\u00eda de reconstrucci\u00f3n de labios hoy.<\/p>\n","protected":false},"excerpt":{"rendered":"<p>La traum\u00e1tica experiencia y desfiguraci\u00f3n de los labios pueden ser el resultado de deformidades cong\u00e9nitas, c\u00e1ncer, accidentes<br \/><a href=\"https:\/\/www.drazouz.com\/es\/reconstruccion-de-labios\/\" class=\"btn btn-blue mt-3\">Sigue leyendo<\/a><\/p>\n","protected":false},"author":1,"featured_media":10217,"parent":10033,"menu_order":0,"comment_status":"closed","ping_status":"closed","template":"","meta":{"_acf_changed":false,"footnotes":""},"class_list":["post-10063","page","type-page","status-publish","has-post-thumbnail"],"acf":[],"yoast_head":"<!-- This site is optimized with the Yoast SEO plugin v26.6 - https:\/\/yoast.com\/wordpress\/plugins\/seo\/ -->\n<title>Reconstrucci\u00f3n de Labios | Azouz Cirug\u00eda Pl\u00e1stica y Est\u00e9tica<\/title>\n<meta name=\"robots\" content=\"index, follow, max-snippet:-1, max-image-preview:large, max-video-preview:-1\" \/>\n<link rel=\"canonical\" href=\"https:\/\/www.drazouz.com\/es\/reconstruccion-de-labios\/\" \/>\n<meta property=\"og:locale\" content=\"es_ES\" \/>\n<meta property=\"og:type\" content=\"article\" \/>\n<meta property=\"og:title\" content=\"Reconstrucci\u00f3n de Labios | Azouz Cirug\u00eda Pl\u00e1stica y Est\u00e9tica\" \/>\n<meta property=\"og:description\" content=\"La traum\u00e1tica experiencia y desfiguraci\u00f3n de los labios pueden ser el resultado de deformidades cong\u00e9nitas, c\u00e1ncer, accidentesSigue leyendo\" \/>\n<meta property=\"og:url\" content=\"https:\/\/www.drazouz.com\/es\/reconstruccion-de-labios\/\" \/>\n<meta property=\"og:site_name\" content=\"Azouz Cirug\u00eda Pl\u00e1stica y Est\u00e9tica\" \/>\n<meta property=\"article:modified_time\" content=\"2023-12-22T09:28:54+00:00\" \/>\n<meta property=\"og:image\" content=\"https:\/\/www.drazouz.com\/wp-content\/uploads\/2023\/12\/header-image-1222010-1.jpeg\" \/>\n<meta name=\"twitter:card\" content=\"summary_large_image\" \/>\n<meta name=\"twitter:image\" content=\"https:\/\/www.drazouz.com\/wp-content\/uploads\/2023\/12\/header-image-1222010-1.jpeg\" \/>\n<meta name=\"twitter:label1\" content=\"Tiempo de lectura\" \/>\n\t<meta name=\"twitter:data1\" content=\"2 minutos\" \/>\n<!-- \/ Yoast SEO plugin. -->","yoast_head_json":{"title":"Reconstrucci\u00f3n de Labios | Azouz Cirug\u00eda Pl\u00e1stica y Est\u00e9tica","robots":{"index":"index","follow":"follow","max-snippet":"max-snippet:-1","max-image-preview":"max-image-preview:large","max-video-preview":"max-video-preview:-1"},"canonical":"https:\/\/www.drazouz.com\/es\/reconstruccion-de-labios\/","og_locale":"es_ES","og_type":"article","og_title":"Reconstrucci\u00f3n de Labios | Azouz Cirug\u00eda Pl\u00e1stica y Est\u00e9tica","og_description":"La traum\u00e1tica experiencia y desfiguraci\u00f3n de los labios pueden ser el resultado de deformidades cong\u00e9nitas, c\u00e1ncer, accidentesSigue leyendo","og_url":"https:\/\/www.drazouz.com\/es\/reconstruccion-de-labios\/","og_site_name":"Azouz Cirug\u00eda Pl\u00e1stica y Est\u00e9tica","article_modified_time":"2023-12-22T09:28:54+00:00","og_image":[{"url":"https:\/\/www.drazouz.com\/wp-content\/uploads\/2023\/12\/header-image-1222010-1.jpeg","type":"","width":"","height":""}],"twitter_card":"summary_large_image","twitter_image":"https:\/\/www.drazouz.com\/wp-content\/uploads\/2023\/12\/header-image-1222010-1.jpeg","twitter_misc":{"Tiempo de lectura":"2 minutos"},"schema":{"@context":"https:\/\/schema.org","@graph":[{"@type":"WebPage","@id":"https:\/\/www.drazouz.com\/es\/reconstruccion-de-labios\/","url":"https:\/\/www.drazouz.com\/es\/reconstruccion-de-labios\/","name":"Reconstrucci\u00f3n de Labios | Azouz Cirug\u00eda Pl\u00e1stica y Est\u00e9tica","isPartOf":{"@id":"https:\/\/www.drazouz.com\/es\/#website"},"primaryImageOfPage":{"@id":"https:\/\/www.drazouz.com\/es\/reconstruccion-de-labios\/#primaryimage"},"image":{"@id":"https:\/\/www.drazouz.com\/es\/reconstruccion-de-labios\/#primaryimage"},"thumbnailUrl":"https:\/\/www.drazouz.com\/wp-content\/uploads\/2023\/12\/header-image-1222010-1.jpeg","datePublished":"2022-07-22T16:02:12+00:00","dateModified":"2023-12-22T09:28:54+00:00","breadcrumb":{"@id":"https:\/\/www.drazouz.com\/es\/reconstruccion-de-labios\/#breadcrumb"},"inLanguage":"es","potentialAction":[{"@type":"ReadAction","target":["https:\/\/www.drazouz.com\/es\/reconstruccion-de-labios\/"]}]},{"@type":"ImageObject","inLanguage":"es","@id":"https:\/\/www.drazouz.com\/es\/reconstruccion-de-labios\/#primaryimage","url":"https:\/\/www.drazouz.com\/wp-content\/uploads\/2023\/12\/header-image-1222010-1.jpeg","contentUrl":"https:\/\/www.drazouz.com\/wp-content\/uploads\/2023\/12\/header-image-1222010-1.jpeg","width":1918,"height":815,"caption":"lip reconstruction, portrait of young woman with arrows on her face"},{"@type":"BreadcrumbList","@id":"https:\/\/www.drazouz.com\/es\/reconstruccion-de-labios\/#breadcrumb","itemListElement":[{"@type":"ListItem","position":1,"name":"Home","item":"https:\/\/www.drazouz.com\/es\/"},{"@type":"ListItem","position":2,"name":"Procedimientos","item":"https:\/\/www.drazouz.com\/es\/procedimientos\/"},{"@type":"ListItem","position":3,"name":"Procedimientos y Aumento de Labios","item":"https:\/\/www.drazouz.com\/es\/procedimientos-y-aumento-de-labios\/"},{"@type":"ListItem","position":4,"name":"Reconstrucci\u00f3n de Labios"}]},{"@type":"WebSite","@id":"https:\/\/www.drazouz.com\/es\/#website","url":"https:\/\/www.drazouz.com\/es\/","name":"Azouz Cirug\u00eda Pl\u00e1stica y Est\u00e9tica","description":"","potentialAction":[{"@type":"SearchAction","target":{"@type":"EntryPoint","urlTemplate":"https:\/\/www.drazouz.com\/es\/?s={search_term_string}"},"query-input":{"@type":"PropertyValueSpecification","valueRequired":true,"valueName":"search_term_string"}}],"inLanguage":"es"}]}},"_links":{"self":[{"href":"https:\/\/www.drazouz.com\/es\/wp-json\/wp\/v2\/pages\/10063","targetHints":{"allow":["GET"]}}],"collection":[{"href":"https:\/\/www.drazouz.com\/es\/wp-json\/wp\/v2\/pages"}],"about":[{"href":"https:\/\/www.drazouz.com\/es\/wp-json\/wp\/v2\/types\/page"}],"author":[{"embeddable":true,"href":"https:\/\/www.drazouz.com\/es\/wp-json\/wp\/v2\/users\/1"}],"replies":[{"embeddable":true,"href":"https:\/\/www.drazouz.com\/es\/wp-json\/wp\/v2\/comments?post=10063"}],"version-history":[{"count":5,"href":"https:\/\/www.drazouz.com\/es\/wp-json\/wp\/v2\/pages\/10063\/revisions"}],"predecessor-version":[{"id":10224,"href":"https:\/\/www.drazouz.com\/es\/wp-json\/wp\/v2\/pages\/10063\/revisions\/10224"}],"up":[{"embeddable":true,"href":"https:\/\/www.drazouz.com\/es\/wp-json\/wp\/v2\/pages\/10033"}],"wp:featuredmedia":[{"embeddable":true,"href":"https:\/\/www.drazouz.com\/es\/wp-json\/wp\/v2\/media\/10217"}],"wp:attachment":[{"href":"https:\/\/www.drazouz.com\/es\/wp-json\/wp\/v2\/media?parent=10063"}],"curies":[{"name":"wp","href":"https:\/\/api.w.org\/{rel}","templated":true}]}}