{"id":10052,"date":"2022-07-22T10:59:33","date_gmt":"2022-07-22T15:59:33","guid":{"rendered":"https:\/\/www.drazouz.com\/?page_id=10052"},"modified":"2024-08-05T10:38:37","modified_gmt":"2024-08-05T15:38:37","slug":"inyecciones-de-labios-con-injerto-de-grasa","status":"publish","type":"page","link":"https:\/\/www.drazouz.com\/es\/inyecciones-de-labios-con-injerto-de-grasa\/","title":{"rendered":"Inyecciones de Labios con Injerto de Grasa"},"content":{"rendered":"<p>La augmentaci\u00f3n de labios es un procedimiento est\u00e9tico que tiene como objetivo mejorar el contorno, la forma y la plenitud de los labios utilizando t\u00e9cnicas como el injerto de grasa, implantes y rellenos d\u00e9rmicos. La augmentaci\u00f3n de labios mediante injerto de grasa implica recolectar grasa de otra \u00e1rea del cuerpo del paciente e inyectarla en los labios.<\/p>\n<h2>Candidatos para la augmentaci\u00f3n de labios con injerto de grasa<\/h2>\n<p>La augmentaci\u00f3n de labios con injerto de grasa es ideal para los pacientes que desean lograr unos labios m\u00e1s definidos y llenos, y que buscan solucionar preocupaciones como la asimetr\u00eda, labios delgados o p\u00e9rdida de volumen relacionada con el envejecimiento para renovar su apariencia.<\/p>\n<h2>Ventajas de la augmentaci\u00f3n de labios con injerto de grasa<\/h2>\n<ul>\n<li>Mejora el volumen de los labios<\/li>\n<li>Efectos Duraderos: El injerto de grasa produce efectos m\u00e1s duraderos en comparaci\u00f3n con los rellenos d\u00e9rmicos.<\/li>\n<li>Reducci\u00f3n del Riesgo de Rechazo: Dado que la grasa recolectada proviene del propio cuerpo del paciente, hay menos posibilidades de respuestas al\u00e9rgicas y rechazo.<\/li>\n<\/ul>\n<h2>Inyecciones Naturales para Labios<\/h2>\n<p><img loading=\"lazy\" decoding=\"async\" src=\"https:\/\/www.drazouz.com\/wp-content\/uploads\/2024\/08\/image-080501.jpg\" alt=\"labios de una mujer hermosa\" width=\"300\" height=\"225\" class=\"mt-3 size-full wp-image-15491 alignright\" srcset=\"https:\/\/www.drazouz.com\/wp-content\/uploads\/2024\/08\/image-080501.jpg 1200w, https:\/\/www.drazouz.com\/wp-content\/uploads\/2024\/08\/image-080501-300x225.jpg 300w, https:\/\/www.drazouz.com\/wp-content\/uploads\/2024\/08\/image-080501-1024x768.jpg 1024w, https:\/\/www.drazouz.com\/wp-content\/uploads\/2024\/08\/image-080501-768x576.jpg 768w\" sizes=\"auto, (max-width: 300px) 100vw, 300px\" \/>El injerto de grasa es una alternativa natural a los rellenos sint\u00e9ticos. Produciendo el mismo efecto que su contraparte sint\u00e9tica, resulta en un efecto natural y voluminoso. Puede usarse para restaurar una apariencia m\u00e1s juvenil, corregir estructuras faciales y crear labios m\u00e1s llenos.<\/p>\n<p>El injerto de grasa en los labios toma grasa de una \u00e1rea discreta de su cuerpo, la esteriliza y la prepara para la transferencia, y la coloca bajo los labios. A diferencia de los rellenos tradicionales, que necesitan repetirse regularmente, el injerto de grasa tiene resultados duraderos que no requieren procedimientos adicionales. Como una augmentaci\u00f3n de labios permanente, no presenta riesgo de reacci\u00f3n al\u00e9rgica, porque utiliza su propio tejido para proporcionar el volumen.<\/p>\n<ol>\n<li>Recolecci\u00f3n de grasa: Implica remover grasa de una regi\u00f3n donante con <a href=\"https:\/\/www.drazouz.com\/es\/liposuction\/\">liposucci\u00f3n<\/a>, como los muslos o el abdomen.<\/li>\n<li>Purificaci\u00f3n: Eliminar contaminantes de la grasa recolectada para prepararla para la inyecci\u00f3n.<\/li>\n<li>Inyecci\u00f3n: Inyectar peque\u00f1as cantidades de la grasa purificada en los labios de a poco para obtener el volumen y el contorno adecuados.<\/li>\n<\/ol>\n<h2>Anestesia Utilizada<\/h2>\n<p>Este procedimiento generalmente se realiza bajo anestesia local con sedaci\u00f3n, dependiendo del paciente y del alcance del procedimiento. Con esto, el cirujano pl\u00e1stico certificado Dr. Azouz busca evitar los efectos secundarios postoperatorios de la anestesia general.<\/p>\n<h2>\u00bfCu\u00e1les son los riesgos del injerto de grasa?<\/h2>\n<p>Los riesgos asociados con este procedimiento incluyen:<\/p>\n<ul>\n<li>Moretones e hinchaz\u00f3n<\/li>\n<li>Asimetr\u00eda o protuberancias<\/li>\n<li>Infecci\u00f3n<\/li>\n<li>Absorci\u00f3n de grasa, en la que el cuerpo reabsorbe una parte de la grasa trasplantada<\/li>\n<li>Necrosis grasa<\/li>\n<li>Quistes de aceite<\/li>\n<\/ul>\n<h2>\u00bfC\u00f3mo es la recuperaci\u00f3n del injerto de grasa en los labios?<\/h2>\n<p>Despu\u00e9s de la operaci\u00f3n, los pacientes pueden esperar experimentar dolor moderado, moretones e hinchaz\u00f3n. Para controlar estos s\u00edntomas, el Dr. Azouz dar\u00e1 recomendaciones postoperatorias que incluyen la aplicaci\u00f3n de compresas fr\u00edas y la toma de analg\u00e9sicos. Aunque se debe evitar el ejercicio intenso durante varias semanas, la mayor\u00eda de los pacientes pueden regresar a actividades ligeras en una semana. Tambi\u00e9n es importante considerar la <a href=\"https:\/\/www.drazouz.com\/es\/blog\/liposuction-recovery-timeline-after-surgery\/\">recuperaci\u00f3n de las \u00e1reas de liposucci\u00f3n<\/a>, que consiste en el uso de prendas de compresi\u00f3n y limitar la actividad extenuante durante 4-6 semanas despu\u00e9s de la cirug\u00eda.<\/p>\n<h2>Combinaci\u00f3n de Cirug\u00edas<\/h2>\n<p>Para una mejora facial m\u00e1s completa, la augmentaci\u00f3n de labios con injerto de grasa puede combinarse con otras operaciones est\u00e9ticas como un <a href=\"https:\/\/www.drazouz.com\/es\/facelift\/\">lifting facial<\/a>, <a href=\"https:\/\/www.drazouz.com\/es\/rhinoplasty\/\">rinoplastia<\/a>, <a href=\"https:\/\/www.drazouz.com\/es\/facial-fat-transfers\/\">transferencias de grasa facial<\/a>, y <a href=\"https:\/\/www.drazouz.com\/es\/chin-liposuction\/\">liposucci\u00f3n de ment\u00f3n<\/a>. Combinar procedimientos quir\u00fargicos puede ser m\u00e1s rentable debido a un solo cargo por la sala de operaciones y la anestesia, en comparaci\u00f3n con dos cirug\u00edas separadas.<\/p>\n<h2>\u00bfCu\u00e1nto cuesta la transferencia de grasa a los labios?<\/h2>\n<p>El costo del procedimiento var\u00eda seg\u00fan la complejidad y el alcance del tratamiento. El Dr. Azouz proporcionar\u00e1 un precio personalizado durante la consulta seg\u00fan los requisitos y objetivos \u00fanicos del paciente. El Dr. Azouz tambi\u00e9n ofrece <a href=\"https:\/\/www.drazouz.com\/es\/fees-insurance\/\">opciones de financiamiento<\/a>.<\/p>\n<h2>Transferencia de Grasa a los Labios en Dallas<\/h2>\n<p>Si est\u00e1 interesado en mejorar la apariencia de sus labios, programe una consulta con el cirujano pl\u00e1stico certificado Dr. Azouz hoy mismo. Despu\u00e9s de revisar su historial m\u00e9dico y realizar un examen f\u00edsico, el Dr. Azouz explicar\u00e1 las opciones para lograr sus objetivos. <a href=\"https:\/\/www.drazouz.com\/es\/contact\/\">Cont\u00e1ctenos en l\u00ednea<\/a> o ll\u00e1menos directamente al <a href=\"tel:9727028888\" class=\"phone_anchor \" aria-label=\"ll\u00e1manos (972) 702-8888\">(972) 702-8888<\/a> para reservar su cita hoy mismo!<\/p>\n","protected":false},"excerpt":{"rendered":"<p>La augmentaci\u00f3n de labios es un procedimiento est\u00e9tico que tiene como objetivo mejorar el contorno, la forma<br \/><a href=\"https:\/\/www.drazouz.com\/es\/inyecciones-de-labios-con-injerto-de-grasa\/\" class=\"btn btn-blue mt-3\">Sigue leyendo<\/a><\/p>\n","protected":false},"author":1,"featured_media":15488,"parent":10033,"menu_order":0,"comment_status":"closed","ping_status":"closed","template":"","meta":{"_acf_changed":false,"footnotes":""},"class_list":["post-10052","page","type-page","status-publish","has-post-thumbnail"],"acf":[],"yoast_head":"<!-- This site is optimized with the Yoast SEO plugin v27.4 - https:\/\/yoast.com\/product\/yoast-seo-wordpress\/ -->\n<title>Inyecciones de Labios con Injerto de Grasa | Azouz Cirug\u00eda Pl\u00e1stica y Est\u00e9tica<\/title>\n<meta name=\"robots\" content=\"index, follow, max-snippet:-1, max-image-preview:large, max-video-preview:-1\" \/>\n<link rel=\"canonical\" href=\"https:\/\/www.drazouz.com\/es\/inyecciones-de-labios-con-injerto-de-grasa\/\" \/>\n<meta property=\"og:locale\" content=\"es_ES\" \/>\n<meta property=\"og:type\" content=\"article\" \/>\n<meta property=\"og:title\" content=\"Inyecciones de Labios con Injerto de Grasa | Azouz Cirug\u00eda Pl\u00e1stica y Est\u00e9tica\" \/>\n<meta property=\"og:description\" content=\"La augmentaci\u00f3n de labios es un procedimiento est\u00e9tico que tiene como objetivo mejorar el contorno, la formaSigue leyendo\" \/>\n<meta property=\"og:url\" content=\"https:\/\/www.drazouz.com\/es\/inyecciones-de-labios-con-injerto-de-grasa\/\" \/>\n<meta property=\"og:site_name\" content=\"Azouz Cirug\u00eda Pl\u00e1stica y Est\u00e9tica\" \/>\n<meta property=\"article:modified_time\" content=\"2024-08-05T15:38:37+00:00\" \/>\n<meta property=\"og:image\" content=\"https:\/\/www.drazouz.com\/wp-content\/uploads\/2024\/08\/header-image-080502.jpg\" \/>\n<meta name=\"twitter:card\" content=\"summary_large_image\" \/>\n<meta name=\"twitter:image\" content=\"https:\/\/www.drazouz.com\/wp-content\/uploads\/2024\/08\/header-image-080502.jpg\" \/>\n<meta name=\"twitter:label1\" content=\"Tiempo de lectura\" \/>\n\t<meta name=\"twitter:data1\" content=\"4 minutos\" \/>\n<!-- \/ Yoast SEO plugin. -->","yoast_head_json":{"title":"Inyecciones de Labios con Injerto de Grasa | Azouz Cirug\u00eda Pl\u00e1stica y Est\u00e9tica","robots":{"index":"index","follow":"follow","max-snippet":"max-snippet:-1","max-image-preview":"max-image-preview:large","max-video-preview":"max-video-preview:-1"},"canonical":"https:\/\/www.drazouz.com\/es\/inyecciones-de-labios-con-injerto-de-grasa\/","og_locale":"es_ES","og_type":"article","og_title":"Inyecciones de Labios con Injerto de Grasa | Azouz Cirug\u00eda Pl\u00e1stica y Est\u00e9tica","og_description":"La augmentaci\u00f3n de labios es un procedimiento est\u00e9tico que tiene como objetivo mejorar el contorno, la formaSigue leyendo","og_url":"https:\/\/www.drazouz.com\/es\/inyecciones-de-labios-con-injerto-de-grasa\/","og_site_name":"Azouz Cirug\u00eda Pl\u00e1stica y Est\u00e9tica","article_modified_time":"2024-08-05T15:38:37+00:00","og_image":[{"url":"https:\/\/www.drazouz.com\/wp-content\/uploads\/2024\/08\/header-image-080502.jpg","type":"","width":"","height":""}],"twitter_card":"summary_large_image","twitter_image":"https:\/\/www.drazouz.com\/wp-content\/uploads\/2024\/08\/header-image-080502.jpg","twitter_misc":{"Tiempo de lectura":"4 minutos"},"schema":{"@context":"https:\/\/schema.org","@graph":[{"@type":"WebPage","@id":"https:\/\/www.drazouz.com\/es\/inyecciones-de-labios-con-injerto-de-grasa\/","url":"https:\/\/www.drazouz.com\/es\/inyecciones-de-labios-con-injerto-de-grasa\/","name":"Inyecciones de Labios con Injerto de Grasa | Azouz Cirug\u00eda Pl\u00e1stica y Est\u00e9tica","isPartOf":{"@id":"https:\/\/www.drazouz.com\/es\/#website"},"primaryImageOfPage":{"@id":"https:\/\/www.drazouz.com\/es\/inyecciones-de-labios-con-injerto-de-grasa\/#primaryimage"},"image":{"@id":"https:\/\/www.drazouz.com\/es\/inyecciones-de-labios-con-injerto-de-grasa\/#primaryimage"},"thumbnailUrl":"https:\/\/www.drazouz.com\/wp-content\/uploads\/2024\/08\/header-image-080502.jpg","datePublished":"2022-07-22T15:59:33+00:00","dateModified":"2024-08-05T15:38:37+00:00","breadcrumb":{"@id":"https:\/\/www.drazouz.com\/es\/inyecciones-de-labios-con-injerto-de-grasa\/#breadcrumb"},"inLanguage":"es","potentialAction":[{"@type":"ReadAction","target":["https:\/\/www.drazouz.com\/es\/inyecciones-de-labios-con-injerto-de-grasa\/"]}]},{"@type":"ImageObject","inLanguage":"es","@id":"https:\/\/www.drazouz.com\/es\/inyecciones-de-labios-con-injerto-de-grasa\/#primaryimage","url":"https:\/\/www.drazouz.com\/wp-content\/uploads\/2024\/08\/header-image-080502.jpg","contentUrl":"https:\/\/www.drazouz.com\/wp-content\/uploads\/2024\/08\/header-image-080502.jpg","width":1928,"height":815,"caption":"lip injections before and after"},{"@type":"BreadcrumbList","@id":"https:\/\/www.drazouz.com\/es\/inyecciones-de-labios-con-injerto-de-grasa\/#breadcrumb","itemListElement":[{"@type":"ListItem","position":1,"name":"Home","item":"https:\/\/www.drazouz.com\/es\/"},{"@type":"ListItem","position":2,"name":"Procedimientos","item":"https:\/\/www.drazouz.com\/es\/procedimientos\/"},{"@type":"ListItem","position":3,"name":"Procedimientos y Aumento de Labios","item":"https:\/\/www.drazouz.com\/es\/procedimientos-y-aumento-de-labios\/"},{"@type":"ListItem","position":4,"name":"Inyecciones de Labios con Injerto de Grasa"}]},{"@type":"WebSite","@id":"https:\/\/www.drazouz.com\/es\/#website","url":"https:\/\/www.drazouz.com\/es\/","name":"Azouz Cirug\u00eda Pl\u00e1stica y Est\u00e9tica","description":"","potentialAction":[{"@type":"SearchAction","target":{"@type":"EntryPoint","urlTemplate":"https:\/\/www.drazouz.com\/es\/?s={search_term_string}"},"query-input":{"@type":"PropertyValueSpecification","valueRequired":true,"valueName":"search_term_string"}}],"inLanguage":"es"}]}},"_links":{"self":[{"href":"https:\/\/www.drazouz.com\/es\/wp-json\/wp\/v2\/pages\/10052","targetHints":{"allow":["GET"]}}],"collection":[{"href":"https:\/\/www.drazouz.com\/es\/wp-json\/wp\/v2\/pages"}],"about":[{"href":"https:\/\/www.drazouz.com\/es\/wp-json\/wp\/v2\/types\/page"}],"author":[{"embeddable":true,"href":"https:\/\/www.drazouz.com\/es\/wp-json\/wp\/v2\/users\/1"}],"replies":[{"embeddable":true,"href":"https:\/\/www.drazouz.com\/es\/wp-json\/wp\/v2\/comments?post=10052"}],"version-history":[{"count":5,"href":"https:\/\/www.drazouz.com\/es\/wp-json\/wp\/v2\/pages\/10052\/revisions"}],"predecessor-version":[{"id":15503,"href":"https:\/\/www.drazouz.com\/es\/wp-json\/wp\/v2\/pages\/10052\/revisions\/15503"}],"up":[{"embeddable":true,"href":"https:\/\/www.drazouz.com\/es\/wp-json\/wp\/v2\/pages\/10033"}],"wp:featuredmedia":[{"embeddable":true,"href":"https:\/\/www.drazouz.com\/es\/wp-json\/wp\/v2\/media\/15488"}],"wp:attachment":[{"href":"https:\/\/www.drazouz.com\/es\/wp-json\/wp\/v2\/media?parent=10052"}],"curies":[{"name":"wp","href":"https:\/\/api.w.org\/{rel}","templated":true}]}}