{"id":10033,"date":"2022-07-22T10:52:27","date_gmt":"2022-07-22T15:52:27","guid":{"rendered":"https:\/\/www.drazouz.com\/?page_id=10033"},"modified":"2023-12-21T12:20:38","modified_gmt":"2023-12-21T17:20:38","slug":"procedimientos-y-aumento-de-labios","status":"publish","type":"page","link":"https:\/\/www.drazouz.com\/es\/procedimientos-y-aumento-de-labios\/","title":{"rendered":"Procedimientos y Aumento de Labios"},"content":{"rendered":"<p>Del mismo modo que tus ojos son un punto focal importante de tu apariencia, tus labios son el centro de atenci\u00f3n en la mitad inferior de tu rostro. Labios llenos, firmes y bien definidos son se\u00f1ales de juventud y vitalidad. Adem\u00e1s, los labios tambi\u00e9n tienen m\u00faltiples funciones, desde comunicar tus emociones hasta asegurar que puedas comer adecuadamente. Si sufres de una condici\u00f3n cong\u00e9nita o una lesi\u00f3n relacionada con un trauma, la funci\u00f3n de tus labios puede estar comprometida.<\/p>\n<p>Azouz Plastic &amp; Cosmetic Surgery ofrece <a href=\"https:\/\/www.drazouz.com\/es\/procedures\/\"><strong>procedimientos quir\u00fargicos<\/strong><em><\/a> para correcciones tanto cosm\u00e9ticas como funcionales.<\/p>\n<nav class=\"flc-submenu\" aria-label=\"sub menu\"><ul><li class=\"page_item page-item-10052\"><a href=\"https:\/\/www.drazouz.com\/es\/inyecciones-de-labios-con-injerto-de-grasa\/\">Inyecciones de Labios con Injerto de Grasa<\/a><\/li>\n<li class=\"page_item page-item-10022\"><a href=\"https:\/\/www.drazouz.com\/es\/levantamiento-de-labio\/\">Levantamiento de Labio, Realce<\/a><\/li>\n<li class=\"page_item page-item-10063\"><a href=\"https:\/\/www.drazouz.com\/es\/reconstruccion-de-labios\/\">Reconstrucci\u00f3n de Labios<\/a><\/li>\n<li class=\"page_item page-item-10077\"><a href=\"https:\/\/www.drazouz.com\/es\/reduccion-de-labios\/\">Reducci\u00f3n de Labios<\/a><\/li>\n<\/ul><\/nav>\n<p>Labios delgados, ca\u00eddos, arrugados o lesionados pueden ser restaurados a una apariencia natural y hermosa con un procedimiento realizado por el Dr. Azouz, un cirujano pl\u00e1stico altamente calificado, con entrenamiento en becas y certificado por la junta en Dallas. Sus t\u00e9cnicas avanzadas y resultados superiores han llevado a pacientes a buscar sus servicios de todo el mundo.<\/p>\n<h2>Aumento de Labios en Richardson<\/h2>\n<p>El aumento de labios sigue siendo una de las razones m\u00e1s comunes por las que las personas visitan a un cirujano pl\u00e1stico. Aquellos con labios delgados debido a la gen\u00e9tica o la edad buscan labios voluminosos y sensuales para lograr una apariencia juvenil. El Dr. Azouz realiza inyecciones de injerto de grasa en los labios, ya que cree que esta t\u00e9cnica proporciona el mejor resultado duradero para los pacientes.<\/p>\n<p>La transferencia de grasa es una alternativa segura a los rellenos sint\u00e9ticos y una excelente manera de controlar las sustancias que introduces en tu cuerpo. El proceso implica tomar grasa de una parte de tu cuerpo, purificarla para recolectar las c\u00e9lulas adiposas y las c\u00e9lulas madre y luego inyectarlas en tus labios. Esto proporciona el volumen que deseas sin el riesgo de reacci\u00f3n al\u00e9rgica, ya que est\u00e1s utilizando tus propias c\u00e9lulas. Las inyecciones son duraderas, con un volumen natural que parece que siempre ha estado all\u00ed.<\/p>\n<h2>Restaura la Vitalidad y Apariencia de los Labios<\/h2>\n<p>Ya sea que desees cambiar la forma de tus labios, reducir su tama\u00f1o, corregir problemas de trauma o cong\u00e9nitos o rejuvenecer por completo este punto focal esencial, la cirug\u00eda pl\u00e1stica de labios en Azouz Plastic &amp; Cosmetic Surgery puede hacer realidad tus objetivos. Pacientes de todas las edades, condiciones y preocupaciones son bienvenidos en nuestra consulta abierta e inclusiva. Las consultas en persona y virtuales est\u00e1n disponibles, y hay opciones de alojamiento asequibles y c\u00f3modas cerca de donde se llevar\u00e1 a cabo tu cirug\u00eda. Te invitamos a <a href=\"https:\/\/www.drazouz.com\/es\/contact\/\"><strong><em>contactar a la oficina<\/em><\/strong><\/a> hoy para discutir tus preocupaciones sobre los labios y las opciones de cirug\u00eda pl\u00e1stica de labios.<\/p>\n","protected":false},"excerpt":{"rendered":"<p>Del mismo modo que tus ojos son un punto focal importante de tu apariencia, tus labios son<br \/><a href=\"https:\/\/www.drazouz.com\/es\/procedimientos-y-aumento-de-labios\/\" class=\"btn btn-blue mt-3\">Sigue leyendo<\/a><\/p>\n","protected":false},"author":1,"featured_media":11375,"parent":8581,"menu_order":0,"comment_status":"closed","ping_status":"closed","template":"","meta":{"_acf_changed":false,"footnotes":""},"class_list":["post-10033","page","type-page","status-publish","has-post-thumbnail"],"acf":[],"yoast_head":"<!-- This site is optimized with the Yoast SEO plugin v27.4 - https:\/\/yoast.com\/product\/yoast-seo-wordpress\/ -->\n<title>Procedimientos y Aumento de Labios | Azouz Cirug\u00eda Pl\u00e1stica y Est\u00e9tica<\/title>\n<meta name=\"robots\" content=\"index, follow, max-snippet:-1, max-image-preview:large, max-video-preview:-1\" \/>\n<link rel=\"canonical\" href=\"https:\/\/www.drazouz.com\/es\/procedimientos-y-aumento-de-labios\/\" \/>\n<meta property=\"og:locale\" content=\"es_ES\" \/>\n<meta property=\"og:type\" content=\"article\" \/>\n<meta property=\"og:title\" content=\"Procedimientos y Aumento de Labios | Azouz Cirug\u00eda Pl\u00e1stica y Est\u00e9tica\" \/>\n<meta property=\"og:description\" content=\"Del mismo modo que tus ojos son un punto focal importante de tu apariencia, tus labios sonSigue leyendo\" \/>\n<meta property=\"og:url\" content=\"https:\/\/www.drazouz.com\/es\/procedimientos-y-aumento-de-labios\/\" \/>\n<meta property=\"og:site_name\" content=\"Azouz Cirug\u00eda Pl\u00e1stica y Est\u00e9tica\" \/>\n<meta property=\"article:modified_time\" content=\"2023-12-21T17:20:38+00:00\" \/>\n<meta property=\"og:image\" content=\"https:\/\/www.drazouz.com\/wp-content\/uploads\/2024\/01\/bigstock-Before-and-after-lip-filler-in-86575949.jpg\" \/>\n<meta name=\"twitter:card\" content=\"summary_large_image\" \/>\n<meta name=\"twitter:image\" content=\"https:\/\/www.drazouz.com\/wp-content\/uploads\/2024\/01\/bigstock-Before-and-after-lip-filler-in-86575949.jpg\" \/>\n<meta name=\"twitter:label1\" content=\"Tiempo de lectura\" \/>\n\t<meta name=\"twitter:data1\" content=\"2 minutos\" \/>\n<!-- \/ Yoast SEO plugin. -->","yoast_head_json":{"title":"Procedimientos y Aumento de Labios | Azouz Cirug\u00eda Pl\u00e1stica y Est\u00e9tica","robots":{"index":"index","follow":"follow","max-snippet":"max-snippet:-1","max-image-preview":"max-image-preview:large","max-video-preview":"max-video-preview:-1"},"canonical":"https:\/\/www.drazouz.com\/es\/procedimientos-y-aumento-de-labios\/","og_locale":"es_ES","og_type":"article","og_title":"Procedimientos y Aumento de Labios | Azouz Cirug\u00eda Pl\u00e1stica y Est\u00e9tica","og_description":"Del mismo modo que tus ojos son un punto focal importante de tu apariencia, tus labios sonSigue leyendo","og_url":"https:\/\/www.drazouz.com\/es\/procedimientos-y-aumento-de-labios\/","og_site_name":"Azouz Cirug\u00eda Pl\u00e1stica y Est\u00e9tica","article_modified_time":"2023-12-21T17:20:38+00:00","og_image":[{"url":"https:\/\/www.drazouz.com\/wp-content\/uploads\/2024\/01\/bigstock-Before-and-after-lip-filler-in-86575949.jpg","type":"","width":"","height":""}],"twitter_card":"summary_large_image","twitter_image":"https:\/\/www.drazouz.com\/wp-content\/uploads\/2024\/01\/bigstock-Before-and-after-lip-filler-in-86575949.jpg","twitter_misc":{"Tiempo de lectura":"2 minutos"},"schema":{"@context":"https:\/\/schema.org","@graph":[{"@type":"WebPage","@id":"https:\/\/www.drazouz.com\/es\/procedimientos-y-aumento-de-labios\/","url":"https:\/\/www.drazouz.com\/es\/procedimientos-y-aumento-de-labios\/","name":"Procedimientos y Aumento de Labios | Azouz Cirug\u00eda Pl\u00e1stica y Est\u00e9tica","isPartOf":{"@id":"https:\/\/www.drazouz.com\/es\/#website"},"primaryImageOfPage":{"@id":"https:\/\/www.drazouz.com\/es\/procedimientos-y-aumento-de-labios\/#primaryimage"},"image":{"@id":"https:\/\/www.drazouz.com\/es\/procedimientos-y-aumento-de-labios\/#primaryimage"},"thumbnailUrl":"https:\/\/www.drazouz.com\/wp-content\/uploads\/2024\/01\/bigstock-Before-and-after-lip-filler-in-86575949.jpg","datePublished":"2022-07-22T15:52:27+00:00","dateModified":"2023-12-21T17:20:38+00:00","breadcrumb":{"@id":"https:\/\/www.drazouz.com\/es\/procedimientos-y-aumento-de-labios\/#breadcrumb"},"inLanguage":"es","potentialAction":[{"@type":"ReadAction","target":["https:\/\/www.drazouz.com\/es\/procedimientos-y-aumento-de-labios\/"]}]},{"@type":"ImageObject","inLanguage":"es","@id":"https:\/\/www.drazouz.com\/es\/procedimientos-y-aumento-de-labios\/#primaryimage","url":"https:\/\/www.drazouz.com\/wp-content\/uploads\/2024\/01\/bigstock-Before-and-after-lip-filler-in-86575949.jpg","contentUrl":"https:\/\/www.drazouz.com\/wp-content\/uploads\/2024\/01\/bigstock-Before-and-after-lip-filler-in-86575949.jpg","width":1918,"height":915,"caption":"lips before and after lip filler"},{"@type":"BreadcrumbList","@id":"https:\/\/www.drazouz.com\/es\/procedimientos-y-aumento-de-labios\/#breadcrumb","itemListElement":[{"@type":"ListItem","position":1,"name":"Home","item":"https:\/\/www.drazouz.com\/es\/"},{"@type":"ListItem","position":2,"name":"Procedimientos","item":"https:\/\/www.drazouz.com\/es\/procedimientos\/"},{"@type":"ListItem","position":3,"name":"Procedimientos y Aumento de Labios"}]},{"@type":"WebSite","@id":"https:\/\/www.drazouz.com\/es\/#website","url":"https:\/\/www.drazouz.com\/es\/","name":"Azouz Cirug\u00eda Pl\u00e1stica y Est\u00e9tica","description":"","potentialAction":[{"@type":"SearchAction","target":{"@type":"EntryPoint","urlTemplate":"https:\/\/www.drazouz.com\/es\/?s={search_term_string}"},"query-input":{"@type":"PropertyValueSpecification","valueRequired":true,"valueName":"search_term_string"}}],"inLanguage":"es"}]}},"_links":{"self":[{"href":"https:\/\/www.drazouz.com\/es\/wp-json\/wp\/v2\/pages\/10033","targetHints":{"allow":["GET"]}}],"collection":[{"href":"https:\/\/www.drazouz.com\/es\/wp-json\/wp\/v2\/pages"}],"about":[{"href":"https:\/\/www.drazouz.com\/es\/wp-json\/wp\/v2\/types\/page"}],"author":[{"embeddable":true,"href":"https:\/\/www.drazouz.com\/es\/wp-json\/wp\/v2\/users\/1"}],"replies":[{"embeddable":true,"href":"https:\/\/www.drazouz.com\/es\/wp-json\/wp\/v2\/comments?post=10033"}],"version-history":[{"count":4,"href":"https:\/\/www.drazouz.com\/es\/wp-json\/wp\/v2\/pages\/10033\/revisions"}],"predecessor-version":[{"id":10043,"href":"https:\/\/www.drazouz.com\/es\/wp-json\/wp\/v2\/pages\/10033\/revisions\/10043"}],"up":[{"embeddable":true,"href":"https:\/\/www.drazouz.com\/es\/wp-json\/wp\/v2\/pages\/8581"}],"wp:featuredmedia":[{"embeddable":true,"href":"https:\/\/www.drazouz.com\/es\/wp-json\/wp\/v2\/media\/11375"}],"wp:attachment":[{"href":"https:\/\/www.drazouz.com\/es\/wp-json\/wp\/v2\/media?parent=10033"}],"curies":[{"name":"wp","href":"https:\/\/api.w.org\/{rel}","templated":true}]}}