{"id":10022,"date":"2022-07-22T10:56:39","date_gmt":"2022-07-22T15:56:39","guid":{"rendered":"https:\/\/www.drazouz.com\/?page_id=10022"},"modified":"2024-06-20T07:40:44","modified_gmt":"2024-06-20T12:40:44","slug":"levantamiento-de-labio-realce","status":"publish","type":"page","link":"https:\/\/www.drazouz.com\/es\/levantamiento-de-labio\/","title":{"rendered":"Levantamiento de Labio, Realce"},"content":{"rendered":"<p>Un lip flip es un procedimiento cosm\u00e9tico m\u00ednimamente invasivo que mejora la apariencia de los labios. Principalmente consiste en la inyecci\u00f3n de neuromoduladores, como toxina botul\u00ednica, en ciertos puntos del labio superior. Esto relaja los m\u00fasculos que lo tiran hacia adentro, permitiendo que el labio superior se curve naturalmente hacia adelante, lo que hace que el puchero se vea m\u00e1s lleno. Adem\u00e1s, la t\u00e9cnica puede ayudar a definir el borde del labio y realzar el arco de Cupido. El cirujano pl\u00e1stico certificado por la junta <a href=\"https:\/\/www.drazouz.com\/es\/meet-dr-solomon-azouz\/\">Dr. Solomon Azouz<\/a> ofrece procedimientos cosm\u00e9ticos para sus pacientes en Dallas para ayudar a definir los labios.<\/p>\n<h2>\u00bfQu\u00e9 es un lip flip?<\/h2>\n<p><img decoding=\"async\" src=\"https:\/\/www.drazouz.com\/wp-content\/uploads\/2024\/06\/bigstock-Cosmetic-Injection-In-The-Fema-5787537.jpg\" alt=\"procedimiento de lip flip\" width=\"400\" class=\"alignright wp-image-14607\" srcset=\"https:\/\/www.drazouz.com\/wp-content\/uploads\/2024\/06\/bigstock-Cosmetic-Injection-In-The-Fema-5787537.jpg 1000w, https:\/\/www.drazouz.com\/wp-content\/uploads\/2024\/06\/bigstock-Cosmetic-Injection-In-The-Fema-5787537-300x200.jpg 300w, https:\/\/www.drazouz.com\/wp-content\/uploads\/2024\/06\/bigstock-Cosmetic-Injection-In-The-Fema-5787537-768x511.jpg 768w\" sizes=\"(max-width: 1000px) 100vw, 1000px\" \/>Un lip flip es un procedimiento que utiliza neuromoduladores para elevar el labio y mejorar su forma sin necesidad de cirug\u00eda. Esta t\u00e9cnica realiza cambios significativos para corregir cualquier asimetr\u00eda y a\u00f1adir volumen. El enfoque de este procedimiento puede variar seg\u00fan si el paciente desea un volumen m\u00e1s dram\u00e1tico o una mejora sutil.<\/p>\n<h2>\u00bfQui\u00e9n es candidato para un lip flip?<\/h2>\n<p>Los candidatos para un levantamiento de labio no quir\u00fargico suelen incluir a aquellos que desean corregir un labio delgado o plano sin someterse a cirug\u00eda. Un lip flip puede ayudar a relajar los m\u00fasculos que causan que el labio superior se eleve hacia arriba al sonre\u00edr, resultando en una sonrisa m\u00e1s equilibrada con menos exposici\u00f3n de enc\u00edas. Un lip flip puede corregir una \u00absonrisa gingival\u00bb. Es ideal para quienes desean aumentar naturalmente la definici\u00f3n y el volumen de su labio superior. Ofrece una t\u00e9cnica m\u00e1s suave que los rellenos labiales, los cuales pueden proporcionar efectos m\u00e1s dram\u00e1ticos.<\/p>\n<h2>Beneficios de un levantamiento de labio<\/h2>\n<p><img decoding=\"async\" src=\"https:\/\/www.drazouz.com\/wp-content\/uploads\/2024\/06\/bigstock-A-Woman-Makes-Lip-Shape-Correc-455903615.jpg\" alt=\"beneficios del lip flip\" width=\"400\" class=\"alignleft wp-image-14603\" srcset=\"https:\/\/www.drazouz.com\/wp-content\/uploads\/2024\/06\/bigstock-A-Woman-Makes-Lip-Shape-Correc-455903615.jpg 1000w, https:\/\/www.drazouz.com\/wp-content\/uploads\/2024\/06\/bigstock-A-Woman-Makes-Lip-Shape-Correc-455903615-300x200.jpg 300w, https:\/\/www.drazouz.com\/wp-content\/uploads\/2024\/06\/bigstock-A-Woman-Makes-Lip-Shape-Correc-455903615-768x512.jpg 768w\" sizes=\"(max-width: 1000px) 100vw, 1000px\" \/>Los beneficios de un lip flip incluyen:<\/p>\n<ul>\n<li>Poco tiempo de recuperaci\u00f3n<\/li>\n<li>Resultados r\u00e1pidos<\/li>\n<li>Menor riesgo en comparaci\u00f3n con sustitutos quir\u00fargicos<\/li>\n<li>Personalizable<\/li>\n<li>Aumento de la autoconfianza gracias a una apariencia mejorada<\/li>\n<\/ul>\n<p class=\"clearfix\">\n<h2>\u00bfC\u00f3mo se realiza un lip flip?<\/h2>\n<p>El Dr. Azouz de Dallas inyecta peque\u00f1as cantidades de neuromodulador en el m\u00fasculo que rodea la boca. Se pueden relajar ciertas \u00e1reas de este m\u00fasculo para hacer que el labio superior se curve gradualmente hacia arriba y hacia afuera, creando la ilusi\u00f3n de un labio m\u00e1s grande y prominente sin a\u00f1adir volumen.<\/p>\n<h2>\u00bfCu\u00e1les son los sitios de inyecci\u00f3n para un lip flip?<\/h2>\n<p><img decoding=\"async\" src=\"https:\/\/www.drazouz.com\/wp-content\/uploads\/2024\/06\/bigstock-Woman-having-injection-of-bot-173700353.jpg\" alt=\"sitios de inyecci\u00f3n para lip flip\" width=\"400\" class=\"alignright wp-image-14615\" srcset=\"https:\/\/www.drazouz.com\/wp-content\/uploads\/2024\/06\/bigstock-Woman-having-injection-of-bot-173700353.jpg 1600w, https:\/\/www.drazouz.com\/wp-content\/uploads\/2024\/06\/bigstock-Woman-having-injection-of-bot-173700353-300x200.jpg 300w, https:\/\/www.drazouz.com\/wp-content\/uploads\/2024\/06\/bigstock-Woman-having-injection-of-bot-173700353-1024x683.jpg 1024w, https:\/\/www.drazouz.com\/wp-content\/uploads\/2024\/06\/bigstock-Woman-having-injection-of-bot-173700353-768x512.jpg 768w, https:\/\/www.drazouz.com\/wp-content\/uploads\/2024\/06\/bigstock-Woman-having-injection-of-bot-173700353-1536x1024.jpg 1536w\" sizes=\"(max-width: 1600px) 100vw, 1600px\" \/>Los labios son caracter\u00edsticas faciales importantes que cumplen prop\u00f3sitos tanto funcionales como est\u00e9ticos. El m\u00fasculo orbicular de los labios rodea la boca y tira de los labios hacia adentro. La toxina botul\u00ednica se inyecta en lugares espec\u00edficos de este m\u00fasculo, principalmente a lo largo del labio superior. El borde vermill\u00f3n es donde la piel se encuentra con el tejido del labio. Las inyecciones tambi\u00e9n se pueden colocar aqu\u00ed, dependiendo del resultado deseado. El surco medio en el labio superior se conoce como \u00abarco de Cupido\u00bb. El Dr. Azouz, cirujano pl\u00e1stico certificado por la junta, puede inyectar en esta \u00e1rea para ampliar su definici\u00f3n.<\/p>\n<h2>\u00bfQu\u00e9 tipo de anestesia se usa para un lip flip?<\/h2>\n<p>El Dr. Azouz utiliza cremas anest\u00e9sicas t\u00f3picas antes del procedimiento para reducir cualquier molestia. Tambi\u00e9n pueden mezclarse con el neuromodulador, lo que ayuda a reducir el dolor cuando se inyecta el neuromodulador.<\/p>\n<h2>\u00bfCu\u00e1les son los riesgos de un levantamiento de labio?<\/h2>\n<p>Aunque los lip flips no quir\u00fargicos suelen ser seguros, existen ciertos riesgos, como la posibilidad de infecci\u00f3n o, con menos frecuencia, reacciones al\u00e9rgicas, as\u00ed como moretones, asimetr\u00eda e hinchaz\u00f3n. El Dr. Azouz, cirujano pl\u00e1stico certificado por la junta, utiliza t\u00e9cnicas meticulosas para ayudar a reducir estos riesgos.<\/p>\n<h2>\u00bfCu\u00e1l es la recuperaci\u00f3n de un lip flip?<\/h2>\n<p>El tiempo de recuperaci\u00f3n despu\u00e9s de un levantamiento de labio no quir\u00fargico suele ser m\u00ednimo. La mayor\u00eda de las personas experimentan peque\u00f1os hematomas o hinchaz\u00f3n que desaparecen en pocos d\u00edas, y normalmente pueden reanudar sus actividades habituales inmediatamente despu\u00e9s del tratamiento. Los efectos del neuromodulador suelen durar aproximadamente de 3 a 4 meses, seg\u00fan el tipo utilizado y el paciente. Se pueden utilizar neuromoduladores novedosos que duren hasta 6-9 meses.<\/p>\n<p><img loading=\"lazy\" decoding=\"async\" src=\"https:\/\/www.drazouz.com\/wp-content\/uploads\/2024\/06\/lip-flip-before-and-after-1.jpg\" alt=\"antes y despu\u00e9s de lip flip por Dr. Solomon Azouz en Dallas, TX\" width=\"400\" height=\"400\" class=\"size-full wp-image-14737 aligncenter\" srcset=\"https:\/\/www.drazouz.com\/wp-content\/uploads\/2024\/06\/lip-flip-before-and-after-1.jpg 1179w, https:\/\/www.drazouz.com\/wp-content\/uploads\/2024\/06\/lip-flip-before-and-after-1-300x300.jpg 300w, https:\/\/www.drazouz.com\/wp-content\/uploads\/2024\/06\/lip-flip-before-and-after-1-1022x1024.jpg 1022w, https:\/\/www.drazouz.com\/wp-content\/uploads\/2024\/06\/lip-flip-before-and-after-1-768x769.jpg 768w, https:\/\/www.drazouz.com\/wp-content\/uploads\/2024\/06\/lip-flip-before-and-after-1-192x192.jpg 192w, https:\/\/www.drazouz.com\/wp-content\/uploads\/2024\/06\/lip-flip-before-and-after-1-32x32.jpg 32w\" sizes=\"auto, (max-width: 400px) 100vw, 400px\" \/><\/p>\n<h2>\u00bfPuedo combinar otros procedimientos con un lip flip?<\/h2>\n<p>Dependiendo de sus resultados deseados, el Dr. Azouz puede recomendar combinar un lip flip con otros procedimientos no quir\u00fargicos, incluidas inyecciones de neuromoduladores para arrugas o peelings qu\u00edmicos. Tambi\u00e9n puede utilizar rellenos labiales, que se utilizan para dar volumen y forma a los labios mediante el aumento de los labios y la reducci\u00f3n de la visibilidad de pliegues y l\u00edneas alrededor de la boca.<br \/>\n<img loading=\"lazy\" decoding=\"async\" src=\"https:\/\/www.drazouz.com\/wp-content\/uploads\/2024\/06\/bigstock-plastic-surgery-injections-an-91674854.jpg\" alt=\"Inyecciones de neuromodulador de Botox para levantar labios.\" width=\"700\" height=\"513\" class=\"size-full wp-image-14609 aligncenter\" srcset=\"https:\/\/www.drazouz.com\/wp-content\/uploads\/2024\/06\/bigstock-plastic-surgery-injections-an-91674854.jpg 1000w, https:\/\/www.drazouz.com\/wp-content\/uploads\/2024\/06\/bigstock-plastic-surgery-injections-an-91674854-300x220.jpg 300w, https:\/\/www.drazouz.com\/wp-content\/uploads\/2024\/06\/bigstock-plastic-surgery-injections-an-91674854-768x563.jpg 768w\" sizes=\"auto, (max-width: 700px) 100vw, 700px\" \/><\/p>\n<h2>\u00bfCu\u00e1nto cuesta un lip flip?<\/h2>\n<p>El costo de un levantamiento de labio no quir\u00fargico variar\u00e1 seg\u00fan el tipo y la cantidad de neuromodulador utilizado. Durante su consulta, el Dr. Azouz proporcionar\u00e1 un presupuesto personalizado basado en sus metas espec\u00edficas. El precio var\u00eda entre $12 y $18 por unidad, dependiendo del tipo de neuromodulador a\u00f1adido, ya sea Daxxify, Botox, Xeomin o Jeuveau. A menudo hay <a href=\"https:\/\/www.drazouz.com\/es\/promotions\/\">ofertas especiales<\/a> disponibles en Azouz Plastic and Cosmetic Surgery.<\/p>\n<h2>Agende una consulta con el Dr. Azouz<\/h2>\n<p>Si est\u00e1 interesado en mejorar la definici\u00f3n de su labio superior, comun\u00edquese con nuestra oficina hoy mismo. El Dr. Azouz es un destacado y confiable cirujano pl\u00e1stico certificado por la junta en Dallas. Su objetivo es brindar a sus pacientes resultados hermosos que luzcan naturales, ya sea mediante cirug\u00eda o procedimientos no quir\u00fargicos como un lip flip. Llame a nuestra oficina al <a href=\"tel:9727028888\" class=\"phone_anchor \" aria-label=\"ll\u00e1manos (972) 702-8888\">(972) 702-8888<\/a> o <a href=\"https:\/\/www.drazouz.com\/es\/contact\/\">cont\u00e1ctenos en l\u00ednea<\/a> para programar su consulta hoy mismo.<\/p>\n<h3>Preguntas Frecuentes<\/h3>\n<dl id=\"faq-1\" class=\"flc-faq\"><dt id=\"l11\"><button class=\"card-header collapsed d-flex align-items-center w-100 text-left\" data-toggle=\"collapse\" data-target=\"#t11\" aria-expanded=\"false\" aria-controls=\"t11\"><i class=\"ml-1 fas fa-chevron-down\"><\/i> \u00bfSon permanentes los rellenos de labios?<\/button><\/dt><dd id=\"t11\" class=\"m-0 collapse\" aria-labelledby=\"l11\" aria-expanded=\"false\" data-parent=\"#faq-1\"><div class=\"card-body\"><p>Los rellenos de labios generalmente duran entre 6 y 18 meses, dependiendo del relleno espec\u00edfico utilizado y del metabolismo de su cuerpo. Para resultados m\u00e1s permanentes, el Dr. Azouz puede recomendar un <a href=\"https:\/\/www.drazouz.com\/es\/lip-injections-with-fat-grafting\/\"> injerto de grasa<\/a> en los labios.<\/p>\n<\/div><\/dd><dt id=\"l12\"><button class=\"card-header collapsed d-flex align-items-center w-100 text-left\" data-toggle=\"collapse\" data-target=\"#t12\" aria-expanded=\"false\" aria-controls=\"t12\"><i class=\"ml-1 fas fa-chevron-down\"><\/i> \u00bfEs dif\u00edcil comer despu\u00e9s de un lip flip?<\/button><\/dt><dd id=\"t12\" class=\"m-0 collapse\" aria-labelledby=\"l12\" aria-expanded=\"false\" data-parent=\"#faq-1\"><div class=\"card-body\"><p>Comer vuelve a la normalidad inmediatamente o muy r\u00e1pidamente despu\u00e9s de un lip flip. Los m\u00fasculos relajados pueden dificultar el fruncido de los labios para tareas como usar pajillas o tomar comidas grandes. Sin embargo, la mayor\u00eda de las personas se adaptan r\u00e1pidamente y encuentran que no tiene un impacto sustancial en su dieta.<\/p>\n<\/div><\/dd><dt id=\"l13\"><button class=\"card-header collapsed d-flex align-items-center w-100 text-left\" data-toggle=\"collapse\" data-target=\"#t13\" aria-expanded=\"false\" aria-controls=\"t13\"><i class=\"ml-1 fas fa-chevron-down\"><\/i> \u00bfEl fumar afecta un lip flip?<\/button><\/dt><dd id=\"t13\" class=\"m-0 collapse\" aria-labelledby=\"l13\" aria-expanded=\"false\" data-parent=\"#faq-1\"><div class=\"card-body\"><p>Fumar puede afectar un lip flip de dos maneras. El movimiento frecuente de fruncir los labios al fumar puede alterar el neuromodulador y reducir su efectividad. Adem\u00e1s, fumar disminuye el flujo sangu\u00edneo, lo que puede dificultar la recuperaci\u00f3n y causar moretones despu\u00e9s de las inyecciones. El Dr. Azouz recomienda evitar fumar al menos una semana antes y despu\u00e9s de un lip flip.<\/p>\n<\/div><\/dd><\/dl>\n","protected":false},"excerpt":{"rendered":"<p>Un lip flip es un procedimiento cosm\u00e9tico m\u00ednimamente invasivo que mejora la apariencia de los labios. Principalmente<br \/><a href=\"https:\/\/www.drazouz.com\/es\/levantamiento-de-labio\/\" class=\"btn btn-blue mt-3\">Sigue leyendo<\/a><\/p>\n","protected":false},"author":1,"featured_media":10204,"parent":10033,"menu_order":0,"comment_status":"closed","ping_status":"closed","template":"","meta":{"_acf_changed":false,"footnotes":""},"class_list":["post-10022","page","type-page","status-publish","has-post-thumbnail"],"acf":[],"yoast_head":"<!-- This site is optimized with the Yoast SEO plugin v27.4 - https:\/\/yoast.com\/product\/yoast-seo-wordpress\/ -->\n<title>Levantamiento de Labio, Realce | Azouz Cirug\u00eda Pl\u00e1stica y Est\u00e9tica<\/title>\n<meta name=\"robots\" content=\"index, follow, max-snippet:-1, max-image-preview:large, max-video-preview:-1\" \/>\n<link rel=\"canonical\" href=\"https:\/\/www.drazouz.com\/es\/levantamiento-de-labio\/\" \/>\n<meta property=\"og:locale\" content=\"es_ES\" \/>\n<meta property=\"og:type\" content=\"article\" \/>\n<meta property=\"og:title\" content=\"Levantamiento de Labio, Realce | Azouz Cirug\u00eda Pl\u00e1stica y Est\u00e9tica\" \/>\n<meta property=\"og:description\" content=\"Un lip flip es un procedimiento cosm\u00e9tico m\u00ednimamente invasivo que mejora la apariencia de los labios. PrincipalmenteSigue leyendo\" \/>\n<meta property=\"og:url\" content=\"https:\/\/www.drazouz.com\/es\/levantamiento-de-labio\/\" \/>\n<meta property=\"og:site_name\" content=\"Azouz Cirug\u00eda Pl\u00e1stica y Est\u00e9tica\" \/>\n<meta property=\"article:modified_time\" content=\"2024-06-20T12:40:44+00:00\" \/>\n<meta property=\"og:image\" content=\"https:\/\/www.drazouz.com\/wp-content\/uploads\/2023\/12\/header-image-122208.jpeg\" \/>\n<meta name=\"twitter:card\" content=\"summary_large_image\" \/>\n<meta name=\"twitter:image\" content=\"https:\/\/www.drazouz.com\/wp-content\/uploads\/2023\/12\/header-image-122208.jpeg\" \/>\n<meta name=\"twitter:label1\" content=\"Tiempo de lectura\" \/>\n\t<meta name=\"twitter:data1\" content=\"5 minutos\" \/>\n<!-- \/ Yoast SEO plugin. -->","yoast_head_json":{"title":"Levantamiento de Labio, Realce | Azouz Cirug\u00eda Pl\u00e1stica y Est\u00e9tica","robots":{"index":"index","follow":"follow","max-snippet":"max-snippet:-1","max-image-preview":"max-image-preview:large","max-video-preview":"max-video-preview:-1"},"canonical":"https:\/\/www.drazouz.com\/es\/levantamiento-de-labio\/","og_locale":"es_ES","og_type":"article","og_title":"Levantamiento de Labio, Realce | Azouz Cirug\u00eda Pl\u00e1stica y Est\u00e9tica","og_description":"Un lip flip es un procedimiento cosm\u00e9tico m\u00ednimamente invasivo que mejora la apariencia de los labios. PrincipalmenteSigue leyendo","og_url":"https:\/\/www.drazouz.com\/es\/levantamiento-de-labio\/","og_site_name":"Azouz Cirug\u00eda Pl\u00e1stica y Est\u00e9tica","article_modified_time":"2024-06-20T12:40:44+00:00","og_image":[{"url":"https:\/\/www.drazouz.com\/wp-content\/uploads\/2023\/12\/header-image-122208.jpeg","type":"","width":"","height":""}],"twitter_card":"summary_large_image","twitter_image":"https:\/\/www.drazouz.com\/wp-content\/uploads\/2023\/12\/header-image-122208.jpeg","twitter_misc":{"Tiempo de lectura":"5 minutos"},"schema":{"@context":"https:\/\/schema.org","@graph":[{"@type":"WebPage","@id":"https:\/\/www.drazouz.com\/es\/levantamiento-de-labio\/","url":"https:\/\/www.drazouz.com\/es\/levantamiento-de-labio\/","name":"Levantamiento de Labio, Realce | Azouz Cirug\u00eda Pl\u00e1stica y Est\u00e9tica","isPartOf":{"@id":"https:\/\/www.drazouz.com\/es\/#website"},"primaryImageOfPage":{"@id":"https:\/\/www.drazouz.com\/es\/levantamiento-de-labio\/#primaryimage"},"image":{"@id":"https:\/\/www.drazouz.com\/es\/levantamiento-de-labio\/#primaryimage"},"thumbnailUrl":"https:\/\/www.drazouz.com\/wp-content\/uploads\/2023\/12\/header-image-122208.jpeg","datePublished":"2022-07-22T15:56:39+00:00","dateModified":"2024-06-20T12:40:44+00:00","breadcrumb":{"@id":"https:\/\/www.drazouz.com\/es\/levantamiento-de-labio\/#breadcrumb"},"inLanguage":"es","potentialAction":[{"@type":"ReadAction","target":["https:\/\/www.drazouz.com\/es\/levantamiento-de-labio\/"]}]},{"@type":"ImageObject","inLanguage":"es","@id":"https:\/\/www.drazouz.com\/es\/levantamiento-de-labio\/#primaryimage","url":"https:\/\/www.drazouz.com\/wp-content\/uploads\/2023\/12\/header-image-122208.jpeg","contentUrl":"https:\/\/www.drazouz.com\/wp-content\/uploads\/2023\/12\/header-image-122208.jpeg","width":1918,"height":815,"caption":"lip lift"},{"@type":"BreadcrumbList","@id":"https:\/\/www.drazouz.com\/es\/levantamiento-de-labio\/#breadcrumb","itemListElement":[{"@type":"ListItem","position":1,"name":"Home","item":"https:\/\/www.drazouz.com\/es\/"},{"@type":"ListItem","position":2,"name":"Procedimientos","item":"https:\/\/www.drazouz.com\/es\/procedimientos\/"},{"@type":"ListItem","position":3,"name":"Procedimientos y Aumento de Labios","item":"https:\/\/www.drazouz.com\/es\/procedimientos-y-aumento-de-labios\/"},{"@type":"ListItem","position":4,"name":"Levantamiento de Labio, Realce"}]},{"@type":"WebSite","@id":"https:\/\/www.drazouz.com\/es\/#website","url":"https:\/\/www.drazouz.com\/es\/","name":"Azouz Cirug\u00eda Pl\u00e1stica y Est\u00e9tica","description":"","potentialAction":[{"@type":"SearchAction","target":{"@type":"EntryPoint","urlTemplate":"https:\/\/www.drazouz.com\/es\/?s={search_term_string}"},"query-input":{"@type":"PropertyValueSpecification","valueRequired":true,"valueName":"search_term_string"}}],"inLanguage":"es"}]}},"_links":{"self":[{"href":"https:\/\/www.drazouz.com\/es\/wp-json\/wp\/v2\/pages\/10022","targetHints":{"allow":["GET"]}}],"collection":[{"href":"https:\/\/www.drazouz.com\/es\/wp-json\/wp\/v2\/pages"}],"about":[{"href":"https:\/\/www.drazouz.com\/es\/wp-json\/wp\/v2\/types\/page"}],"author":[{"embeddable":true,"href":"https:\/\/www.drazouz.com\/es\/wp-json\/wp\/v2\/users\/1"}],"replies":[{"embeddable":true,"href":"https:\/\/www.drazouz.com\/es\/wp-json\/wp\/v2\/comments?post=10022"}],"version-history":[{"count":7,"href":"https:\/\/www.drazouz.com\/es\/wp-json\/wp\/v2\/pages\/10022\/revisions"}],"predecessor-version":[{"id":14747,"href":"https:\/\/www.drazouz.com\/es\/wp-json\/wp\/v2\/pages\/10022\/revisions\/14747"}],"up":[{"embeddable":true,"href":"https:\/\/www.drazouz.com\/es\/wp-json\/wp\/v2\/pages\/10033"}],"wp:featuredmedia":[{"embeddable":true,"href":"https:\/\/www.drazouz.com\/es\/wp-json\/wp\/v2\/media\/10204"}],"wp:attachment":[{"href":"https:\/\/www.drazouz.com\/es\/wp-json\/wp\/v2\/media?parent=10022"}],"curies":[{"name":"wp","href":"https:\/\/api.w.org\/{rel}","templated":true}]}}